{"id":2,"date":"2023-09-11T13:29:48","date_gmt":"2023-09-11T13:29:48","guid":{"rendered":"https:\/\/toerder.eu\/?page_id=2"},"modified":"2026-04-08T08:44:00","modified_gmt":"2026-04-08T08:44:00","slug":"sample-page","status":"publish","type":"page","link":"https:\/\/toerder.eu\/index.php\/sample-page\/","title":{"rendered":"Nachhilfe\/Unterricht"},"content":{"rendered":"\n<p>Mathe, Physik und Informatik Nachhilfe f\u00fcr Sch\u00fcler*innen von einem Student mit langj\u00e4hriger Lehrerfahrung aus Leverkusen.<\/p>\n\n\n\n<p>In der Schule hatte ich Mathe und Physik LK, hab meinen Bachelor in Informatik an der Uni Bonn gemacht, bin gerade an meinem Master in Computer Science, ich habe seit \u00fcber 10 Jahren Erfahrung im Unterricht von Schachkursen aller Altersstufen und gebe seit 2023 Nachhilfe.<br><\/p>\n\n\n\n<p>Mein Unterricht zielt darauf ab das die Nachhilfesch\u00fcler*innen den Stoff in der Tiefe verstehen um den Grundstein f\u00fcr den weiteren Weg in z.B. in Schule, Studium und Beruf zu legen.<br>Meistens gibt es noch Hintergr\u00fcnde und Anekdoten zus\u00e4tzlich.<br>Immer Interaktiv, mit Skizzen und Erkl\u00e4rungen, immer nachfragend und motivierend.<br>Und immer nicht nur auf das konkrete Problem bezogen sondern auch \u00fcber den Tellerrand blickend.<\/p>\n\n\n\n<p>Ich hatte Sch\u00fcler*innen mit verschiedenen Hintergr\u00fcnden, Einschr\u00e4nkungen(ADHS, Autismus, Dyskalkulie) und habe bisher auch auf verschiedenen Anforderungsniveaus helfen k\u00f6nnen.<\/p>\n\n\n\n<ul class=\"wp-block-list\">\n<li>Mathematik LK (inklusive Abiturvorbereitung)<\/li>\n\n\n\n<li>Physik LK (inklusive Abiturvorbereitung)<\/li>\n\n\n\n<li>Informatik LK  (inklusive Abiturvorbereitung)<\/li>\n\n\n\n<li>VL Elementare Zahlentheorie (Dr. Martin Rotter); Uni K\u00f6ln; <\/li>\n\n\n\n<li>VL Elemente der Geometrie (Anton van Essen); Uni K\u00f6ln;<\/li>\n\n\n\n<li>VL Information Retrieval (Philipp Schaer); TH K\u00f6ln;<\/li>\n<\/ul>\n\n\n\n<h2 class=\"wp-block-heading\"><a href=\"https:\/\/toerder.eu\/index.php\/buch-einen-termin\/\" type=\"page\" id=\"179\">Vereinbare gleich einen Termin<\/a><\/h2>\n\n\n\n<p><strong>Ist dein Thema nicht dabei?<\/strong><br>Hier hast Du eine \u00dcbersicht der Themen, die ich in Bachelor, Master und Beruf angeschnitten habe und bei denen ich dir vielleicht helfen kann:<\/p>\n\n\n\n<h5 class=\"wp-block-heading\">Grundlagen der Informatik &amp; Mathematik<\/h5>\n\n\n\n<ul class=\"wp-block-list\">\n<li>Logik und diskrete Strukturen<\/li>\n\n\n\n<li>Lineare Algebra<\/li>\n\n\n\n<li>Analysis<\/li>\n\n\n\n<li>Wahrscheinlichkeitstheorie &amp; Stochastik<\/li>\n\n\n\n<li>Algorithmische Geometrie<\/li>\n<\/ul>\n\n\n\n<hr class=\"wp-block-separator has-alpha-channel-opacity\"\/>\n\n\n\n<h5 class=\"wp-block-heading\">Programmierung &amp; Softwareentwicklung<\/h5>\n\n\n\n<ul class=\"wp-block-list\">\n<li>Imperative Programmierung<\/li>\n\n\n\n<li>Objektorientierte Programmierung (OOP)<\/li>\n\n\n\n<li>Software Engineering &amp; Softwarearchitektur<\/li>\n\n\n\n<li>Systemnahe Programmierung<\/li>\n\n\n\n<li>Funktionale Programmierung<\/li>\n\n\n\n<li>Technische Informatik &amp; Rechnerarchitektur<\/li>\n<\/ul>\n\n\n\n<hr class=\"wp-block-separator has-alpha-channel-opacity\"\/>\n\n\n\n<h5 class=\"wp-block-heading\">Algorithmen &amp; Theoretische Informatik<\/h5>\n\n\n\n<ul class=\"wp-block-list\">\n<li>Algorithmen und Datenstrukturen<\/li>\n\n\n\n<li>Laufzeitanalyse &amp; Komplexit\u00e4tstheorie<\/li>\n\n\n\n<li>NP-Vollst\u00e4ndigkeit &amp; Reduktionen<\/li>\n\n\n\n<li>Algorithmisches Denken<\/li>\n\n\n\n<li>Algorithmic Game Theory<\/li>\n<\/ul>\n\n\n\n<hr class=\"wp-block-separator has-alpha-channel-opacity\"\/>\n\n\n\n<h5 class=\"wp-block-heading\">K\u00fcnstliche Intelligenz, Machine Learning &amp; Data Science<\/h5>\n\n\n\n<ul class=\"wp-block-list\">\n<li>Grundlagen der K\u00fcnstlichen Intelligenz<\/li>\n\n\n\n<li>Machine Learning<\/li>\n\n\n\n<li>Data Mining &amp; Knowledge Discovery<\/li>\n\n\n\n<li>Data Science &amp; Big Data<\/li>\n\n\n\n<li>Graphbasierte Lernverfahren<\/li>\n\n\n\n<li>Artificial Life &amp; evolution\u00e4re Algorithmen<\/li>\n\n\n\n<li>Visual Data Analysis<\/li>\n<\/ul>\n\n\n\n<hr class=\"wp-block-separator has-alpha-channel-opacity\"\/>\n\n\n\n<h5 class=\"wp-block-heading\">Daten, Informationssysteme &amp; Verteilte Systeme<\/h5>\n\n\n\n<ul class=\"wp-block-list\">\n<li>Informationssysteme &amp; Datenbanken<\/li>\n\n\n\n<li>Information Retrieval &amp; Suchsysteme<\/li>\n\n\n\n<li>Verteilte Systeme<\/li>\n\n\n\n<li>Kommunikation in verteilten und mobilen Systemen<\/li>\n<\/ul>\n\n\n\n<hr class=\"wp-block-separator has-alpha-channel-opacity\"\/>\n\n\n\n<h5 class=\"wp-block-heading\">IT-Sicherheit &amp; Kryptographie<\/h5>\n\n\n\n<ul class=\"wp-block-list\">\n<li>IT-Sicherheit (Grundlagen)<\/li>\n\n\n\n<li>Kryptographie<\/li>\n\n\n\n<li>Reaktive Sicherheit<\/li>\n\n\n\n<li>Privacy-Preserving Machine Learning<\/li>\n<\/ul>\n\n\n\n<hr class=\"wp-block-separator has-alpha-channel-opacity\"\/>\n\n\n\n<h5 class=\"wp-block-heading\">Wissenschaftliches Arbeiten &amp; Projekte<\/h5>\n\n\n\n<ul class=\"wp-block-list\">\n<li>Seminar- und Abschlussarbeiten (Methodik &amp; Struktur)<\/li>\n\n\n\n<li>Wissenschaftliches Arbeiten in der Informatik<\/li>\n\n\n\n<li>Projektarbeit &amp; praktische \u00dcbungen<\/li>\n<\/ul>\n\n\n\n<hr class=\"wp-block-separator has-alpha-channel-opacity\"\/>\n\n\n\n<h5 class=\"wp-block-heading\">SONSTIGES<\/h5>\n\n\n\n<ul class=\"wp-block-list\">\n<li>Homepage und Webentwicklung<\/li>\n\n\n\n<li>Node, Angular, React, Meteor<\/li>\n\n\n\n<li>Python<\/li>\n\n\n\n<li>php<\/li>\n\n\n\n<li>GIT<\/li>\n\n\n\n<li>GnuPG<\/li>\n\n\n\n<li>SQL<\/li>\n\n\n\n<li>Excel\/Tabellenkalkulation<\/li>\n<\/ul>\n\n\n\n<p><\/p>\n","protected":false},"excerpt":{"rendered":"<p>Mathe, Physik und Informatik Nachhilfe f\u00fcr Sch\u00fcler*innen von einem Student mit langj\u00e4hriger Lehrerfahrung aus Leverkusen. In der Schule hatte ich Mathe und Physik LK, hab meinen Bachelor in Informatik an der Uni Bonn gemacht, bin gerade an meinem Master in Computer Science, ich habe seit \u00fcber 10 Jahren Erfahrung im Unterricht von Schachkursen aller Altersstufen [&hellip;]<\/p>\n","protected":false},"author":1,"featured_media":67,"parent":0,"menu_order":0,"comment_status":"closed","ping_status":"closed","template":"","meta":{"footnotes":""},"class_list":["post-2","page","type-page","status-publish","has-post-thumbnail","hentry"],"yoast_head":"<!-- This site is optimized with the Yoast SEO plugin v27.2 - https:\/\/yoast.com\/product\/yoast-seo-wordpress\/ -->\n<title>Nachhilfe\/Unterricht - Timon Oerder<\/title>\n<meta name=\"robots\" content=\"index, follow, max-snippet:-1, max-image-preview:large, max-video-preview:-1\" \/>\n<link rel=\"canonical\" href=\"https:\/\/toerder.eu\/index.php\/sample-page\/\" \/>\n<meta property=\"og:locale\" content=\"de_DE\" \/>\n<meta property=\"og:type\" content=\"article\" \/>\n<meta property=\"og:title\" content=\"Nachhilfe\/Unterricht - Timon Oerder\" \/>\n<meta property=\"og:description\" content=\"Mathe, Physik und Informatik Nachhilfe f\u00fcr Sch\u00fcler*innen von einem Student mit langj\u00e4hriger Lehrerfahrung aus Leverkusen. In der Schule hatte ich Mathe und Physik LK, hab meinen Bachelor in Informatik an der Uni Bonn gemacht, bin gerade an meinem Master in Computer Science, ich habe seit \u00fcber 10 Jahren Erfahrung im Unterricht von Schachkursen aller Altersstufen [&hellip;]\" \/>\n<meta property=\"og:url\" content=\"https:\/\/toerder.eu\/index.php\/sample-page\/\" \/>\n<meta property=\"og:site_name\" content=\"Timon Oerder\" \/>\n<meta property=\"article:modified_time\" content=\"2026-04-08T08:44:00+00:00\" \/>\n<meta property=\"og:image\" content=\"https:\/\/toerder.eu\/wp-content\/uploads\/2026\/01\/Bg.jpg\" \/>\n\t<meta property=\"og:image:width\" content=\"1536\" \/>\n\t<meta property=\"og:image:height\" content=\"348\" \/>\n\t<meta property=\"og:image:type\" content=\"image\/jpeg\" \/>\n<meta name=\"twitter:card\" content=\"summary_large_image\" \/>\n<meta name=\"twitter:label1\" content=\"Gesch\u00e4tzte Lesezeit\" \/>\n\t<meta name=\"twitter:data1\" content=\"3\u00a0Minuten\" \/>\n<script type=\"application\/ld+json\" class=\"yoast-schema-graph\">{\"@context\":\"https:\/\/schema.org\",\"@graph\":[{\"@type\":\"WebPage\",\"@id\":\"https:\/\/toerder.eu\/index.php\/sample-page\/\",\"url\":\"https:\/\/toerder.eu\/index.php\/sample-page\/\",\"name\":\"Nachhilfe\/Unterricht - Timon Oerder\",\"isPartOf\":{\"@id\":\"https:\/\/toerder.eu\/#website\"},\"primaryImageOfPage\":{\"@id\":\"https:\/\/toerder.eu\/index.php\/sample-page\/#primaryimage\"},\"image\":{\"@id\":\"https:\/\/toerder.eu\/index.php\/sample-page\/#primaryimage\"},\"thumbnailUrl\":\"https:\/\/toerder.eu\/wp-content\/uploads\/2026\/01\/Bg.jpg\",\"datePublished\":\"2023-09-11T13:29:48+00:00\",\"dateModified\":\"2026-04-08T08:44:00+00:00\",\"breadcrumb\":{\"@id\":\"https:\/\/toerder.eu\/index.php\/sample-page\/#breadcrumb\"},\"inLanguage\":\"de\",\"potentialAction\":[{\"@type\":\"ReadAction\",\"target\":[\"https:\/\/toerder.eu\/index.php\/sample-page\/\"]}]},{\"@type\":\"ImageObject\",\"inLanguage\":\"de\",\"@id\":\"https:\/\/toerder.eu\/index.php\/sample-page\/#primaryimage\",\"url\":\"https:\/\/toerder.eu\/wp-content\/uploads\/2026\/01\/Bg.jpg\",\"contentUrl\":\"https:\/\/toerder.eu\/wp-content\/uploads\/2026\/01\/Bg.jpg\",\"width\":1536,\"height\":348},{\"@type\":\"BreadcrumbList\",\"@id\":\"https:\/\/toerder.eu\/index.php\/sample-page\/#breadcrumb\",\"itemListElement\":[{\"@type\":\"ListItem\",\"position\":1,\"name\":\"Startseite\",\"item\":\"https:\/\/toerder.eu\/\"},{\"@type\":\"ListItem\",\"position\":2,\"name\":\"Nachhilfe\/Unterricht\"}]},{\"@type\":\"WebSite\",\"@id\":\"https:\/\/toerder.eu\/#website\",\"url\":\"https:\/\/toerder.eu\/\",\"name\":\"Timon Oerder\",\"description\":\"\",\"publisher\":{\"@id\":\"https:\/\/toerder.eu\/#organization\"},\"potentialAction\":[{\"@type\":\"SearchAction\",\"target\":{\"@type\":\"EntryPoint\",\"urlTemplate\":\"https:\/\/toerder.eu\/?s={search_term_string}\"},\"query-input\":{\"@type\":\"PropertyValueSpecification\",\"valueRequired\":true,\"valueName\":\"search_term_string\"}}],\"inLanguage\":\"de\"},{\"@type\":\"Organization\",\"@id\":\"https:\/\/toerder.eu\/#organization\",\"name\":\"Timon Oerder\",\"url\":\"https:\/\/toerder.eu\/\",\"logo\":{\"@type\":\"ImageObject\",\"inLanguage\":\"de\",\"@id\":\"https:\/\/toerder.eu\/#\/schema\/logo\/image\/\",\"url\":\"https:\/\/toerder.eu\/wp-content\/uploads\/2026\/01\/foto-bewerber.png\",\"contentUrl\":\"https:\/\/toerder.eu\/wp-content\/uploads\/2026\/01\/foto-bewerber.png\",\"width\":935,\"height\":984,\"caption\":\"Timon Oerder\"},\"image\":{\"@id\":\"https:\/\/toerder.eu\/#\/schema\/logo\/image\/\"}}]}<\/script>\n<!-- \/ Yoast SEO plugin. -->","yoast_head_json":{"title":"Nachhilfe\/Unterricht - Timon Oerder","robots":{"index":"index","follow":"follow","max-snippet":"max-snippet:-1","max-image-preview":"max-image-preview:large","max-video-preview":"max-video-preview:-1"},"canonical":"https:\/\/toerder.eu\/index.php\/sample-page\/","og_locale":"de_DE","og_type":"article","og_title":"Nachhilfe\/Unterricht - Timon Oerder","og_description":"Mathe, Physik und Informatik Nachhilfe f\u00fcr Sch\u00fcler*innen von einem Student mit langj\u00e4hriger Lehrerfahrung aus Leverkusen. In der Schule hatte ich Mathe und Physik LK, hab meinen Bachelor in Informatik an der Uni Bonn gemacht, bin gerade an meinem Master in Computer Science, ich habe seit \u00fcber 10 Jahren Erfahrung im Unterricht von Schachkursen aller Altersstufen [&hellip;]","og_url":"https:\/\/toerder.eu\/index.php\/sample-page\/","og_site_name":"Timon Oerder","article_modified_time":"2026-04-08T08:44:00+00:00","og_image":[{"width":1536,"height":348,"url":"https:\/\/toerder.eu\/wp-content\/uploads\/2026\/01\/Bg.jpg","type":"image\/jpeg"}],"twitter_card":"summary_large_image","twitter_misc":{"Gesch\u00e4tzte Lesezeit":"3\u00a0Minuten"},"schema":{"@context":"https:\/\/schema.org","@graph":[{"@type":"WebPage","@id":"https:\/\/toerder.eu\/index.php\/sample-page\/","url":"https:\/\/toerder.eu\/index.php\/sample-page\/","name":"Nachhilfe\/Unterricht - Timon Oerder","isPartOf":{"@id":"https:\/\/toerder.eu\/#website"},"primaryImageOfPage":{"@id":"https:\/\/toerder.eu\/index.php\/sample-page\/#primaryimage"},"image":{"@id":"https:\/\/toerder.eu\/index.php\/sample-page\/#primaryimage"},"thumbnailUrl":"https:\/\/toerder.eu\/wp-content\/uploads\/2026\/01\/Bg.jpg","datePublished":"2023-09-11T13:29:48+00:00","dateModified":"2026-04-08T08:44:00+00:00","breadcrumb":{"@id":"https:\/\/toerder.eu\/index.php\/sample-page\/#breadcrumb"},"inLanguage":"de","potentialAction":[{"@type":"ReadAction","target":["https:\/\/toerder.eu\/index.php\/sample-page\/"]}]},{"@type":"ImageObject","inLanguage":"de","@id":"https:\/\/toerder.eu\/index.php\/sample-page\/#primaryimage","url":"https:\/\/toerder.eu\/wp-content\/uploads\/2026\/01\/Bg.jpg","contentUrl":"https:\/\/toerder.eu\/wp-content\/uploads\/2026\/01\/Bg.jpg","width":1536,"height":348},{"@type":"BreadcrumbList","@id":"https:\/\/toerder.eu\/index.php\/sample-page\/#breadcrumb","itemListElement":[{"@type":"ListItem","position":1,"name":"Startseite","item":"https:\/\/toerder.eu\/"},{"@type":"ListItem","position":2,"name":"Nachhilfe\/Unterricht"}]},{"@type":"WebSite","@id":"https:\/\/toerder.eu\/#website","url":"https:\/\/toerder.eu\/","name":"Timon Oerder","description":"","publisher":{"@id":"https:\/\/toerder.eu\/#organization"},"potentialAction":[{"@type":"SearchAction","target":{"@type":"EntryPoint","urlTemplate":"https:\/\/toerder.eu\/?s={search_term_string}"},"query-input":{"@type":"PropertyValueSpecification","valueRequired":true,"valueName":"search_term_string"}}],"inLanguage":"de"},{"@type":"Organization","@id":"https:\/\/toerder.eu\/#organization","name":"Timon Oerder","url":"https:\/\/toerder.eu\/","logo":{"@type":"ImageObject","inLanguage":"de","@id":"https:\/\/toerder.eu\/#\/schema\/logo\/image\/","url":"https:\/\/toerder.eu\/wp-content\/uploads\/2026\/01\/foto-bewerber.png","contentUrl":"https:\/\/toerder.eu\/wp-content\/uploads\/2026\/01\/foto-bewerber.png","width":935,"height":984,"caption":"Timon Oerder"},"image":{"@id":"https:\/\/toerder.eu\/#\/schema\/logo\/image\/"}}]}},"_links":{"self":[{"href":"https:\/\/toerder.eu\/index.php\/wp-json\/wp\/v2\/pages\/2","targetHints":{"allow":["GET"]}}],"collection":[{"href":"https:\/\/toerder.eu\/index.php\/wp-json\/wp\/v2\/pages"}],"about":[{"href":"https:\/\/toerder.eu\/index.php\/wp-json\/wp\/v2\/types\/page"}],"author":[{"embeddable":true,"href":"https:\/\/toerder.eu\/index.php\/wp-json\/wp\/v2\/users\/1"}],"replies":[{"embeddable":true,"href":"https:\/\/toerder.eu\/index.php\/wp-json\/wp\/v2\/comments?post=2"}],"version-history":[{"count":14,"href":"https:\/\/toerder.eu\/index.php\/wp-json\/wp\/v2\/pages\/2\/revisions"}],"predecessor-version":[{"id":201,"href":"https:\/\/toerder.eu\/index.php\/wp-json\/wp\/v2\/pages\/2\/revisions\/201"}],"wp:featuredmedia":[{"embeddable":true,"href":"https:\/\/toerder.eu\/index.php\/wp-json\/wp\/v2\/media\/67"}],"wp:attachment":[{"href":"https:\/\/toerder.eu\/index.php\/wp-json\/wp\/v2\/media?parent=2"}],"curies":[{"name":"wp","href":"https:\/\/api.w.org\/{rel}","templated":true}]}}