{"id":216,"date":"2026-05-15T08:08:25","date_gmt":"2026-05-15T08:08:25","guid":{"rendered":"https:\/\/toerder.eu\/?page_id=216"},"modified":"2026-05-15T09:51:23","modified_gmt":"2026-05-15T09:51:23","slug":"bewertungen-referenzen","status":"publish","type":"page","link":"https:\/\/toerder.eu\/index.php\/bewertungen-referenzen\/","title":{"rendered":"Bewertungen &amp; Referenzen"},"content":{"rendered":"\n<p>Gib mir gerne Feedback, <a href=\"https:\/\/www.superprof.de\/ir\/12124275-315681\" type=\"link\" id=\"https:\/\/www.superprof.de\/ir\/12124275-315681\">Schreib eine Bewertung<\/a> oder einen Kommentar.<br>Mehr Bewertungen und Referenzen findest Du unter meiner <a href=\"https:\/\/www.superprof.de\/mathe-physik-und-informatik-nachhilfe-schuler-innen-von-einem-student-mit-langjahriger-lehrerfahrung.html\" type=\"link\" id=\"https:\/\/www.superprof.de\/mathe-physik-und-informatik-nachhilfe-schuler-innen-von-einem-student-mit-langjahriger-lehrerfahrung.html\">Superprof Anzeige<\/a>, einige sind hier davon vorgestellt:<\/p>\n\n\n\n<figure class=\"wp-block-pullquote\"><blockquote><p>\u2b50\u2b50\u2b50\u2b50\u2b50<br>Die Nachhilfe bei Timon kann ich nur empfehlen. Ich habe ihn als einen sehr verst\u00e4ndnisvollen und kompetenten Lehrer kennengelernt. Informatik war in der Schulzeit meine Schwierigkeit, doch gemeinsam konnte wir die Zeit gut meistern und Bestnoten erzielen.<\/p><cite>Sina (Informatik, Oberstufe)<\/cite><\/blockquote><\/figure>\n\n\n\n<figure class=\"wp-block-pullquote\"><blockquote><p>\u2b50\u2b50\u2b50\u2b50\u2b50<br>Mit Timon hat meine Tochter entdeckt, dass Mathematik interessant sein kann. Das ist wirklich wunderbar \u2013 vielen Dank an diesen tollen Lehrer!<\/p><cite>Olha (Mathematik, Mittelstufe)<\/cite><\/blockquote><\/figure>\n\n\n\n<figure class=\"wp-block-pullquote\"><blockquote><p>\u2b50\u2b50\u2b50\u2b50\u2b50<br>Unser Sohn geht seit einiger Zeit zu Timon in die Mathe-Nachhilfe und wir sind sehr zufrieden. Timon geht geduldig auf ihn ein, erkl\u00e4rt auch schwierige Themen in Ruhe und schafft eine entspannte Lernatmosph\u00e4re, in der sich unser Sohn wohlf\u00fchlt. Ich kann Timon als Nachhilfelehrer uneingeschr\u00e4nkt empfehlen.<br><\/p><cite>Antoija (Mathematik, Klasse 8)<\/cite><\/blockquote><\/figure>\n\n\n\n<figure class=\"wp-block-pullquote\"><blockquote><p>\u2b50\u2b50\u2b50\u2b50\u2b50<br>Geduldig, freundlich, kann gut erkl\u00e4ren, hilfsbereit und stellt sich auf den Sch\u00fcler ein<\/p><cite>Silke (Uni Nachhilfe: Information Retrieval)<\/cite><\/blockquote><\/figure>\n\n\n\n<figure class=\"wp-block-pullquote\"><blockquote><p>\u2b50\u2b50\u2b50\u2b50\u2b50<br>Timon ist super lieb und erkl\u00e4rt es dir auch ein zweites Mal, wenn es beim ersten Mal hapert . Er hat mir sehr gut bei Mathe geholfen<\/p><cite>Julia (Uni Nachhilfe: Elemente der Geometrie, Zahlentheorie)<\/cite><\/blockquote><\/figure>\n\n\n\n<p><\/p>\n","protected":false},"excerpt":{"rendered":"<p>Gib mir gerne Feedback, Schreib eine Bewertung oder einen Kommentar.Mehr Bewertungen und Referenzen findest Du unter meiner Superprof Anzeige, einige sind hier davon vorgestellt: \u2b50\u2b50\u2b50\u2b50\u2b50Die Nachhilfe bei Timon kann ich nur empfehlen. Ich habe ihn als einen sehr verst\u00e4ndnisvollen und kompetenten Lehrer kennengelernt. Informatik war in der Schulzeit meine Schwierigkeit, doch gemeinsam konnte wir die [&hellip;]<\/p>\n","protected":false},"author":1,"featured_media":240,"parent":0,"menu_order":0,"comment_status":"closed","ping_status":"closed","template":"","meta":{"footnotes":""},"class_list":["post-216","page","type-page","status-publish","has-post-thumbnail","hentry"],"yoast_head":"<!-- This site is optimized with the Yoast SEO plugin v27.5 - https:\/\/yoast.com\/product\/yoast-seo-wordpress\/ -->\n<title>Bewertungen &amp; Referenzen - Timon Oerder<\/title>\n<meta name=\"robots\" content=\"index, follow, max-snippet:-1, max-image-preview:large, max-video-preview:-1\" \/>\n<link rel=\"canonical\" href=\"https:\/\/toerder.eu\/index.php\/bewertungen-referenzen\/\" \/>\n<meta property=\"og:locale\" content=\"de_DE\" \/>\n<meta property=\"og:type\" content=\"article\" \/>\n<meta property=\"og:title\" content=\"Bewertungen &amp; Referenzen - Timon Oerder\" \/>\n<meta property=\"og:description\" content=\"Gib mir gerne Feedback, Schreib eine Bewertung oder einen Kommentar.Mehr Bewertungen und Referenzen findest Du unter meiner Superprof Anzeige, einige sind hier davon vorgestellt: \u2b50\u2b50\u2b50\u2b50\u2b50Die Nachhilfe bei Timon kann ich nur empfehlen. Ich habe ihn als einen sehr verst\u00e4ndnisvollen und kompetenten Lehrer kennengelernt. Informatik war in der Schulzeit meine Schwierigkeit, doch gemeinsam konnte wir die [&hellip;]\" \/>\n<meta property=\"og:url\" content=\"https:\/\/toerder.eu\/index.php\/bewertungen-referenzen\/\" \/>\n<meta property=\"og:site_name\" content=\"Timon Oerder\" \/>\n<meta property=\"article:modified_time\" content=\"2026-05-15T09:51:23+00:00\" \/>\n<meta property=\"og:image\" content=\"https:\/\/toerder.eu\/wp-content\/uploads\/2026\/05\/ChatGPT-Image-15.-Mai-2026-11_49_54.png\" \/>\n\t<meta property=\"og:image:width\" content=\"2172\" \/>\n\t<meta property=\"og:image:height\" content=\"724\" \/>\n\t<meta property=\"og:image:type\" content=\"image\/png\" \/>\n<meta name=\"twitter:card\" content=\"summary_large_image\" \/>\n<meta name=\"twitter:label1\" content=\"Gesch\u00e4tzte Lesezeit\" \/>\n\t<meta name=\"twitter:data1\" content=\"1\u00a0Minute\" \/>\n<script type=\"application\/ld+json\" class=\"yoast-schema-graph\">{\"@context\":\"https:\\\/\\\/schema.org\",\"@graph\":[{\"@type\":\"WebPage\",\"@id\":\"https:\\\/\\\/toerder.eu\\\/index.php\\\/bewertungen-referenzen\\\/\",\"url\":\"https:\\\/\\\/toerder.eu\\\/index.php\\\/bewertungen-referenzen\\\/\",\"name\":\"Bewertungen &amp; Referenzen - Timon Oerder\",\"isPartOf\":{\"@id\":\"https:\\\/\\\/toerder.eu\\\/#website\"},\"primaryImageOfPage\":{\"@id\":\"https:\\\/\\\/toerder.eu\\\/index.php\\\/bewertungen-referenzen\\\/#primaryimage\"},\"image\":{\"@id\":\"https:\\\/\\\/toerder.eu\\\/index.php\\\/bewertungen-referenzen\\\/#primaryimage\"},\"thumbnailUrl\":\"https:\\\/\\\/toerder.eu\\\/wp-content\\\/uploads\\\/2026\\\/05\\\/ChatGPT-Image-15.-Mai-2026-11_49_54.png\",\"datePublished\":\"2026-05-15T08:08:25+00:00\",\"dateModified\":\"2026-05-15T09:51:23+00:00\",\"breadcrumb\":{\"@id\":\"https:\\\/\\\/toerder.eu\\\/index.php\\\/bewertungen-referenzen\\\/#breadcrumb\"},\"inLanguage\":\"de\",\"potentialAction\":[{\"@type\":\"ReadAction\",\"target\":[\"https:\\\/\\\/toerder.eu\\\/index.php\\\/bewertungen-referenzen\\\/\"]}]},{\"@type\":\"ImageObject\",\"inLanguage\":\"de\",\"@id\":\"https:\\\/\\\/toerder.eu\\\/index.php\\\/bewertungen-referenzen\\\/#primaryimage\",\"url\":\"https:\\\/\\\/toerder.eu\\\/wp-content\\\/uploads\\\/2026\\\/05\\\/ChatGPT-Image-15.-Mai-2026-11_49_54.png\",\"contentUrl\":\"https:\\\/\\\/toerder.eu\\\/wp-content\\\/uploads\\\/2026\\\/05\\\/ChatGPT-Image-15.-Mai-2026-11_49_54.png\",\"width\":2172,\"height\":724},{\"@type\":\"BreadcrumbList\",\"@id\":\"https:\\\/\\\/toerder.eu\\\/index.php\\\/bewertungen-referenzen\\\/#breadcrumb\",\"itemListElement\":[{\"@type\":\"ListItem\",\"position\":1,\"name\":\"Startseite\",\"item\":\"https:\\\/\\\/toerder.eu\\\/\"},{\"@type\":\"ListItem\",\"position\":2,\"name\":\"Bewertungen &amp; Referenzen\"}]},{\"@type\":\"WebSite\",\"@id\":\"https:\\\/\\\/toerder.eu\\\/#website\",\"url\":\"https:\\\/\\\/toerder.eu\\\/\",\"name\":\"Timon Oerder\",\"description\":\"\",\"publisher\":{\"@id\":\"https:\\\/\\\/toerder.eu\\\/#organization\"},\"potentialAction\":[{\"@type\":\"SearchAction\",\"target\":{\"@type\":\"EntryPoint\",\"urlTemplate\":\"https:\\\/\\\/toerder.eu\\\/?s={search_term_string}\"},\"query-input\":{\"@type\":\"PropertyValueSpecification\",\"valueRequired\":true,\"valueName\":\"search_term_string\"}}],\"inLanguage\":\"de\"},{\"@type\":\"Organization\",\"@id\":\"https:\\\/\\\/toerder.eu\\\/#organization\",\"name\":\"Timon Oerder\",\"url\":\"https:\\\/\\\/toerder.eu\\\/\",\"logo\":{\"@type\":\"ImageObject\",\"inLanguage\":\"de\",\"@id\":\"https:\\\/\\\/toerder.eu\\\/#\\\/schema\\\/logo\\\/image\\\/\",\"url\":\"https:\\\/\\\/toerder.eu\\\/wp-content\\\/uploads\\\/2026\\\/01\\\/foto-bewerber.png\",\"contentUrl\":\"https:\\\/\\\/toerder.eu\\\/wp-content\\\/uploads\\\/2026\\\/01\\\/foto-bewerber.png\",\"width\":935,\"height\":984,\"caption\":\"Timon Oerder\"},\"image\":{\"@id\":\"https:\\\/\\\/toerder.eu\\\/#\\\/schema\\\/logo\\\/image\\\/\"}}]}<\/script>\n<!-- \/ Yoast SEO plugin. -->","yoast_head_json":{"title":"Bewertungen &amp; Referenzen - Timon Oerder","robots":{"index":"index","follow":"follow","max-snippet":"max-snippet:-1","max-image-preview":"max-image-preview:large","max-video-preview":"max-video-preview:-1"},"canonical":"https:\/\/toerder.eu\/index.php\/bewertungen-referenzen\/","og_locale":"de_DE","og_type":"article","og_title":"Bewertungen &amp; Referenzen - Timon Oerder","og_description":"Gib mir gerne Feedback, Schreib eine Bewertung oder einen Kommentar.Mehr Bewertungen und Referenzen findest Du unter meiner Superprof Anzeige, einige sind hier davon vorgestellt: \u2b50\u2b50\u2b50\u2b50\u2b50Die Nachhilfe bei Timon kann ich nur empfehlen. Ich habe ihn als einen sehr verst\u00e4ndnisvollen und kompetenten Lehrer kennengelernt. Informatik war in der Schulzeit meine Schwierigkeit, doch gemeinsam konnte wir die [&hellip;]","og_url":"https:\/\/toerder.eu\/index.php\/bewertungen-referenzen\/","og_site_name":"Timon Oerder","article_modified_time":"2026-05-15T09:51:23+00:00","og_image":[{"width":2172,"height":724,"url":"https:\/\/toerder.eu\/wp-content\/uploads\/2026\/05\/ChatGPT-Image-15.-Mai-2026-11_49_54.png","type":"image\/png"}],"twitter_card":"summary_large_image","twitter_misc":{"Gesch\u00e4tzte Lesezeit":"1\u00a0Minute"},"schema":{"@context":"https:\/\/schema.org","@graph":[{"@type":"WebPage","@id":"https:\/\/toerder.eu\/index.php\/bewertungen-referenzen\/","url":"https:\/\/toerder.eu\/index.php\/bewertungen-referenzen\/","name":"Bewertungen &amp; Referenzen - Timon Oerder","isPartOf":{"@id":"https:\/\/toerder.eu\/#website"},"primaryImageOfPage":{"@id":"https:\/\/toerder.eu\/index.php\/bewertungen-referenzen\/#primaryimage"},"image":{"@id":"https:\/\/toerder.eu\/index.php\/bewertungen-referenzen\/#primaryimage"},"thumbnailUrl":"https:\/\/toerder.eu\/wp-content\/uploads\/2026\/05\/ChatGPT-Image-15.-Mai-2026-11_49_54.png","datePublished":"2026-05-15T08:08:25+00:00","dateModified":"2026-05-15T09:51:23+00:00","breadcrumb":{"@id":"https:\/\/toerder.eu\/index.php\/bewertungen-referenzen\/#breadcrumb"},"inLanguage":"de","potentialAction":[{"@type":"ReadAction","target":["https:\/\/toerder.eu\/index.php\/bewertungen-referenzen\/"]}]},{"@type":"ImageObject","inLanguage":"de","@id":"https:\/\/toerder.eu\/index.php\/bewertungen-referenzen\/#primaryimage","url":"https:\/\/toerder.eu\/wp-content\/uploads\/2026\/05\/ChatGPT-Image-15.-Mai-2026-11_49_54.png","contentUrl":"https:\/\/toerder.eu\/wp-content\/uploads\/2026\/05\/ChatGPT-Image-15.-Mai-2026-11_49_54.png","width":2172,"height":724},{"@type":"BreadcrumbList","@id":"https:\/\/toerder.eu\/index.php\/bewertungen-referenzen\/#breadcrumb","itemListElement":[{"@type":"ListItem","position":1,"name":"Startseite","item":"https:\/\/toerder.eu\/"},{"@type":"ListItem","position":2,"name":"Bewertungen &amp; Referenzen"}]},{"@type":"WebSite","@id":"https:\/\/toerder.eu\/#website","url":"https:\/\/toerder.eu\/","name":"Timon Oerder","description":"","publisher":{"@id":"https:\/\/toerder.eu\/#organization"},"potentialAction":[{"@type":"SearchAction","target":{"@type":"EntryPoint","urlTemplate":"https:\/\/toerder.eu\/?s={search_term_string}"},"query-input":{"@type":"PropertyValueSpecification","valueRequired":true,"valueName":"search_term_string"}}],"inLanguage":"de"},{"@type":"Organization","@id":"https:\/\/toerder.eu\/#organization","name":"Timon Oerder","url":"https:\/\/toerder.eu\/","logo":{"@type":"ImageObject","inLanguage":"de","@id":"https:\/\/toerder.eu\/#\/schema\/logo\/image\/","url":"https:\/\/toerder.eu\/wp-content\/uploads\/2026\/01\/foto-bewerber.png","contentUrl":"https:\/\/toerder.eu\/wp-content\/uploads\/2026\/01\/foto-bewerber.png","width":935,"height":984,"caption":"Timon Oerder"},"image":{"@id":"https:\/\/toerder.eu\/#\/schema\/logo\/image\/"}}]}},"_links":{"self":[{"href":"https:\/\/toerder.eu\/index.php\/wp-json\/wp\/v2\/pages\/216","targetHints":{"allow":["GET"]}}],"collection":[{"href":"https:\/\/toerder.eu\/index.php\/wp-json\/wp\/v2\/pages"}],"about":[{"href":"https:\/\/toerder.eu\/index.php\/wp-json\/wp\/v2\/types\/page"}],"author":[{"embeddable":true,"href":"https:\/\/toerder.eu\/index.php\/wp-json\/wp\/v2\/users\/1"}],"replies":[{"embeddable":true,"href":"https:\/\/toerder.eu\/index.php\/wp-json\/wp\/v2\/comments?post=216"}],"version-history":[{"count":5,"href":"https:\/\/toerder.eu\/index.php\/wp-json\/wp\/v2\/pages\/216\/revisions"}],"predecessor-version":[{"id":222,"href":"https:\/\/toerder.eu\/index.php\/wp-json\/wp\/v2\/pages\/216\/revisions\/222"}],"wp:featuredmedia":[{"embeddable":true,"href":"https:\/\/toerder.eu\/index.php\/wp-json\/wp\/v2\/media\/240"}],"wp:attachment":[{"href":"https:\/\/toerder.eu\/index.php\/wp-json\/wp\/v2\/media?parent=216"}],"curies":[{"name":"wp","href":"https:\/\/api.w.org\/{rel}","templated":true}]}}