{"id":35,"date":"2026-01-05T08:55:23","date_gmt":"2026-01-05T08:55:23","guid":{"rendered":"https:\/\/toerder.eu\/?page_id=35"},"modified":"2026-03-15T13:34:09","modified_gmt":"2026-03-15T13:34:09","slug":"ueber-mich","status":"publish","type":"page","link":"https:\/\/toerder.eu\/index.php\/ueber-mich\/","title":{"rendered":"\u00dcber mich"},"content":{"rendered":"\n<div class=\"wp-block-columns is-layout-flex wp-container-core-columns-is-layout-28f84493 wp-block-columns-is-layout-flex\">\n<div class=\"wp-block-column is-layout-flow wp-block-column-is-layout-flow\" style=\"flex-basis:33.33%\">\n<figure class=\"wp-block-image size-full\"><img loading=\"lazy\" decoding=\"async\" width=\"935\" height=\"984\" src=\"https:\/\/toerder.eu\/wp-content\/uploads\/2026\/01\/foto-bewerber.png\" alt=\"\" class=\"wp-image-62\" srcset=\"https:\/\/toerder.eu\/wp-content\/uploads\/2026\/01\/foto-bewerber.png 935w, https:\/\/toerder.eu\/wp-content\/uploads\/2026\/01\/foto-bewerber-285x300.png 285w, https:\/\/toerder.eu\/wp-content\/uploads\/2026\/01\/foto-bewerber-768x808.png 768w\" sizes=\"auto, (max-width: 935px) 100vw, 935px\" \/><\/figure>\n<\/div>\n\n\n\n<div class=\"wp-block-column is-layout-flow wp-block-column-is-layout-flow\" style=\"flex-basis:66.66%\">\n<p>Ich studiere Informatik an der Uni Bonn im Master und habe Erfahrung im Unterrichten durch die Leitung von Schachkursen \u265f und nat\u00fcrlich auch in der 1-zu-1 Nachhilfe. Erfahrung in vielen Nebenjobs, die die Frage &#8222;F\u00fcr was man das (z.B. Mathe) braucht.&#8220; gut beantworten lassen. Au\u00dferdem kommt Spa\u00df und Motivation nie zu kurz!<\/p>\n<\/div>\n<\/div>\n\n\n\n<h3 class=\"wp-block-heading\">Bildungsweg<\/h3>\n\n\n\n<ul class=\"wp-block-list\">\n<li>Bis 2013: Lise-Meitner-Gymnasium Leverkusen mit den Leistungskursen Mathematik und Physik; Abitur mit 2,1<\/li>\n\n\n\n<li>2013-2020 B.Sc. Informatik an der <a href=\"https:\/\/www.uni-bonn.de\/de\" type=\"link\" id=\"https:\/\/www.uni-bonn.de\/de\">Uni Bonn<\/a>, Bachelorarbeit \u00fcber das Thema &#8222;Privacy-aware Keyboards&#8220; mit dem Nebenfach Wirtschaft.<\/li>\n\n\n\n<li>2020-2026 M.Sc. Computer Science an der <a href=\"https:\/\/www.uni-bonn.de\/de\" type=\"link\" id=\"https:\/\/www.uni-bonn.de\/de\">Uni Bonn<\/a> mit dem Schwerpunkt K\u00fcnstliche Intelligenz, aktuell an der Masterarbeit zu dem Thema &#8222;Adaptive visual feedback through EEG-Driven Reinforcement Learning&#8220;.<\/li>\n<\/ul>\n\n\n\n<h3 class=\"wp-block-heading\">Berufserfahrung<\/h3>\n\n\n\n<ul class=\"wp-block-list\">\n<li>2014 Schachlehrer an der KGS D\u00f6nhoffstra\u00dfe<\/li>\n\n\n\n<li>2015-2018 Software- und Web-Entwickler bei <a href=\"https:\/\/www.predic8.de\/\" type=\"link\" id=\"https:\/\/www.predic8.de\/\">predic8 GmbH<\/a><\/li>\n\n\n\n<li>2018 Frontend-\/Web-Entwickler bei <a href=\"https:\/\/www.greenpocket.com\/de\/home\">Greenpocket GmbH<\/a><\/li>\n\n\n\n<li>2020 Junior Backend Developer bei <a href=\"https:\/\/sosafe-awareness.com\/\" type=\"link\" id=\"https:\/\/sosafe-awareness.com\/\">SoSafe GmbH<\/a><\/li>\n\n\n\n<li>2023 Nachhilfe und Unterricht<\/li>\n<\/ul>\n\n\n\n<h3 class=\"wp-block-heading\">Verantwortung &amp; Vertrauen<\/h3>\n\n\n\n<p>In der Arbeit mit Kindern und Jugendlichen ist mir Verantwortung besonders wichtig. Ein aktuelles erweitertes F\u00fchrungszeugnis gem\u00e4\u00df \u00a7 30a BZRG liegt vor und kann auf Anfrage eingesehen werden.<\/p>\n\n\n\n<h3 class=\"wp-block-heading\">Hobbys<\/h3>\n\n\n\n<ul class=\"wp-block-list\">\n<li>Schach (<a href=\"https:\/\/schachverein-fideler-bauer.eu\/\" type=\"link\" id=\"https:\/\/schachverein-fideler-bauer.eu\/\">Schachverein Fideler Bauer<\/a> und <a href=\"https:\/\/www.schachclub-bayer-leverkusen.de\/\" type=\"link\" id=\"https:\/\/www.schachclub-bayer-leverkusen.de\/\">Schachclub Bayer Leverkusen<\/a>) seit 2012 Trainer f\u00fcr verschiedene Spielst\u00e4rken nebenbei im Vorstand und der Organisation t\u00e4tig.<\/li>\n\n\n\n<li>THW (OV <a href=\"https:\/\/www.thw-gl.de\/\" type=\"link\" id=\"https:\/\/www.thw-gl.de\/\">Bergisch Gladbach<\/a>)<\/li>\n\n\n\n<li>Gym\/Sport<\/li>\n<\/ul>\n\n\n\n<p>F\u00fcr Superprof habe ich ein <a href=\"https:\/\/toerder.eu\/index.php\/interview\/\" type=\"page\" id=\"167\">Interview<\/a> erstellt, dass Du auch <a href=\"https:\/\/toerder.eu\/index.php\/interview\/\" type=\"page\" id=\"167\">hier<\/a> nachlesen kannst, wenn Du mehr zu mir erfahren willst.<\/p>\n","protected":false},"excerpt":{"rendered":"<p>Ich studiere Informatik an der Uni Bonn im Master und habe Erfahrung im Unterrichten durch die Leitung von Schachkursen \u265f und nat\u00fcrlich auch in der 1-zu-1 Nachhilfe. Erfahrung in vielen Nebenjobs, die die Frage &#8222;F\u00fcr was man das (z.B. Mathe) braucht.&#8220; gut beantworten lassen. Au\u00dferdem kommt Spa\u00df und Motivation nie zu kurz! Bildungsweg Berufserfahrung Verantwortung [&hellip;]<\/p>\n","protected":false},"author":1,"featured_media":72,"parent":0,"menu_order":0,"comment_status":"closed","ping_status":"closed","template":"","meta":{"footnotes":""},"class_list":["post-35","page","type-page","status-publish","has-post-thumbnail","hentry"],"yoast_head":"<!-- This site is optimized with the Yoast SEO plugin v27.2 - https:\/\/yoast.com\/product\/yoast-seo-wordpress\/ -->\n<title>\u00dcber mich - Timon Oerder<\/title>\n<meta name=\"robots\" content=\"index, follow, max-snippet:-1, max-image-preview:large, max-video-preview:-1\" \/>\n<link rel=\"canonical\" href=\"https:\/\/toerder.eu\/index.php\/ueber-mich\/\" \/>\n<meta property=\"og:locale\" content=\"de_DE\" \/>\n<meta property=\"og:type\" content=\"article\" \/>\n<meta property=\"og:title\" content=\"\u00dcber mich - Timon Oerder\" \/>\n<meta property=\"og:description\" content=\"Ich studiere Informatik an der Uni Bonn im Master und habe Erfahrung im Unterrichten durch die Leitung von Schachkursen \u265f und nat\u00fcrlich auch in der 1-zu-1 Nachhilfe. Erfahrung in vielen Nebenjobs, die die Frage &#8222;F\u00fcr was man das (z.B. Mathe) braucht.&#8220; gut beantworten lassen. Au\u00dferdem kommt Spa\u00df und Motivation nie zu kurz! Bildungsweg Berufserfahrung Verantwortung [&hellip;]\" \/>\n<meta property=\"og:url\" content=\"https:\/\/toerder.eu\/index.php\/ueber-mich\/\" \/>\n<meta property=\"og:site_name\" content=\"Timon Oerder\" \/>\n<meta property=\"article:modified_time\" content=\"2026-03-15T13:34:09+00:00\" \/>\n<meta property=\"og:image\" content=\"https:\/\/toerder.eu\/wp-content\/uploads\/2026\/01\/ChatGPT-Image-5.-Jan.-2026-12_04_44-e1767611750286.png\" \/>\n\t<meta property=\"og:image:width\" content=\"1536\" \/>\n\t<meta property=\"og:image:height\" content=\"460\" \/>\n\t<meta property=\"og:image:type\" content=\"image\/png\" \/>\n<meta name=\"twitter:card\" content=\"summary_large_image\" \/>\n<meta name=\"twitter:label1\" content=\"Gesch\u00e4tzte Lesezeit\" \/>\n\t<meta name=\"twitter:data1\" content=\"2\u00a0Minuten\" \/>\n<script type=\"application\/ld+json\" class=\"yoast-schema-graph\">{\"@context\":\"https:\/\/schema.org\",\"@graph\":[{\"@type\":\"WebPage\",\"@id\":\"https:\/\/toerder.eu\/index.php\/ueber-mich\/\",\"url\":\"https:\/\/toerder.eu\/index.php\/ueber-mich\/\",\"name\":\"\u00dcber mich - Timon Oerder\",\"isPartOf\":{\"@id\":\"https:\/\/toerder.eu\/#website\"},\"primaryImageOfPage\":{\"@id\":\"https:\/\/toerder.eu\/index.php\/ueber-mich\/#primaryimage\"},\"image\":{\"@id\":\"https:\/\/toerder.eu\/index.php\/ueber-mich\/#primaryimage\"},\"thumbnailUrl\":\"https:\/\/toerder.eu\/wp-content\/uploads\/2026\/01\/ChatGPT-Image-5.-Jan.-2026-12_04_44-e1767611750286.png\",\"datePublished\":\"2026-01-05T08:55:23+00:00\",\"dateModified\":\"2026-03-15T13:34:09+00:00\",\"breadcrumb\":{\"@id\":\"https:\/\/toerder.eu\/index.php\/ueber-mich\/#breadcrumb\"},\"inLanguage\":\"de\",\"potentialAction\":[{\"@type\":\"ReadAction\",\"target\":[\"https:\/\/toerder.eu\/index.php\/ueber-mich\/\"]}]},{\"@type\":\"ImageObject\",\"inLanguage\":\"de\",\"@id\":\"https:\/\/toerder.eu\/index.php\/ueber-mich\/#primaryimage\",\"url\":\"https:\/\/toerder.eu\/wp-content\/uploads\/2026\/01\/ChatGPT-Image-5.-Jan.-2026-12_04_44-e1767611750286.png\",\"contentUrl\":\"https:\/\/toerder.eu\/wp-content\/uploads\/2026\/01\/ChatGPT-Image-5.-Jan.-2026-12_04_44-e1767611750286.png\",\"width\":1536,\"height\":460},{\"@type\":\"BreadcrumbList\",\"@id\":\"https:\/\/toerder.eu\/index.php\/ueber-mich\/#breadcrumb\",\"itemListElement\":[{\"@type\":\"ListItem\",\"position\":1,\"name\":\"Startseite\",\"item\":\"https:\/\/toerder.eu\/\"},{\"@type\":\"ListItem\",\"position\":2,\"name\":\"\u00dcber mich\"}]},{\"@type\":\"WebSite\",\"@id\":\"https:\/\/toerder.eu\/#website\",\"url\":\"https:\/\/toerder.eu\/\",\"name\":\"Timon Oerder\",\"description\":\"\",\"publisher\":{\"@id\":\"https:\/\/toerder.eu\/#organization\"},\"potentialAction\":[{\"@type\":\"SearchAction\",\"target\":{\"@type\":\"EntryPoint\",\"urlTemplate\":\"https:\/\/toerder.eu\/?s={search_term_string}\"},\"query-input\":{\"@type\":\"PropertyValueSpecification\",\"valueRequired\":true,\"valueName\":\"search_term_string\"}}],\"inLanguage\":\"de\"},{\"@type\":\"Organization\",\"@id\":\"https:\/\/toerder.eu\/#organization\",\"name\":\"Timon Oerder\",\"url\":\"https:\/\/toerder.eu\/\",\"logo\":{\"@type\":\"ImageObject\",\"inLanguage\":\"de\",\"@id\":\"https:\/\/toerder.eu\/#\/schema\/logo\/image\/\",\"url\":\"https:\/\/toerder.eu\/wp-content\/uploads\/2026\/01\/foto-bewerber.png\",\"contentUrl\":\"https:\/\/toerder.eu\/wp-content\/uploads\/2026\/01\/foto-bewerber.png\",\"width\":935,\"height\":984,\"caption\":\"Timon Oerder\"},\"image\":{\"@id\":\"https:\/\/toerder.eu\/#\/schema\/logo\/image\/\"}}]}<\/script>\n<!-- \/ Yoast SEO plugin. -->","yoast_head_json":{"title":"\u00dcber mich - Timon Oerder","robots":{"index":"index","follow":"follow","max-snippet":"max-snippet:-1","max-image-preview":"max-image-preview:large","max-video-preview":"max-video-preview:-1"},"canonical":"https:\/\/toerder.eu\/index.php\/ueber-mich\/","og_locale":"de_DE","og_type":"article","og_title":"\u00dcber mich - Timon Oerder","og_description":"Ich studiere Informatik an der Uni Bonn im Master und habe Erfahrung im Unterrichten durch die Leitung von Schachkursen \u265f und nat\u00fcrlich auch in der 1-zu-1 Nachhilfe. Erfahrung in vielen Nebenjobs, die die Frage &#8222;F\u00fcr was man das (z.B. Mathe) braucht.&#8220; gut beantworten lassen. Au\u00dferdem kommt Spa\u00df und Motivation nie zu kurz! Bildungsweg Berufserfahrung Verantwortung [&hellip;]","og_url":"https:\/\/toerder.eu\/index.php\/ueber-mich\/","og_site_name":"Timon Oerder","article_modified_time":"2026-03-15T13:34:09+00:00","og_image":[{"width":1536,"height":460,"url":"https:\/\/toerder.eu\/wp-content\/uploads\/2026\/01\/ChatGPT-Image-5.-Jan.-2026-12_04_44-e1767611750286.png","type":"image\/png"}],"twitter_card":"summary_large_image","twitter_misc":{"Gesch\u00e4tzte Lesezeit":"2\u00a0Minuten"},"schema":{"@context":"https:\/\/schema.org","@graph":[{"@type":"WebPage","@id":"https:\/\/toerder.eu\/index.php\/ueber-mich\/","url":"https:\/\/toerder.eu\/index.php\/ueber-mich\/","name":"\u00dcber mich - Timon Oerder","isPartOf":{"@id":"https:\/\/toerder.eu\/#website"},"primaryImageOfPage":{"@id":"https:\/\/toerder.eu\/index.php\/ueber-mich\/#primaryimage"},"image":{"@id":"https:\/\/toerder.eu\/index.php\/ueber-mich\/#primaryimage"},"thumbnailUrl":"https:\/\/toerder.eu\/wp-content\/uploads\/2026\/01\/ChatGPT-Image-5.-Jan.-2026-12_04_44-e1767611750286.png","datePublished":"2026-01-05T08:55:23+00:00","dateModified":"2026-03-15T13:34:09+00:00","breadcrumb":{"@id":"https:\/\/toerder.eu\/index.php\/ueber-mich\/#breadcrumb"},"inLanguage":"de","potentialAction":[{"@type":"ReadAction","target":["https:\/\/toerder.eu\/index.php\/ueber-mich\/"]}]},{"@type":"ImageObject","inLanguage":"de","@id":"https:\/\/toerder.eu\/index.php\/ueber-mich\/#primaryimage","url":"https:\/\/toerder.eu\/wp-content\/uploads\/2026\/01\/ChatGPT-Image-5.-Jan.-2026-12_04_44-e1767611750286.png","contentUrl":"https:\/\/toerder.eu\/wp-content\/uploads\/2026\/01\/ChatGPT-Image-5.-Jan.-2026-12_04_44-e1767611750286.png","width":1536,"height":460},{"@type":"BreadcrumbList","@id":"https:\/\/toerder.eu\/index.php\/ueber-mich\/#breadcrumb","itemListElement":[{"@type":"ListItem","position":1,"name":"Startseite","item":"https:\/\/toerder.eu\/"},{"@type":"ListItem","position":2,"name":"\u00dcber mich"}]},{"@type":"WebSite","@id":"https:\/\/toerder.eu\/#website","url":"https:\/\/toerder.eu\/","name":"Timon Oerder","description":"","publisher":{"@id":"https:\/\/toerder.eu\/#organization"},"potentialAction":[{"@type":"SearchAction","target":{"@type":"EntryPoint","urlTemplate":"https:\/\/toerder.eu\/?s={search_term_string}"},"query-input":{"@type":"PropertyValueSpecification","valueRequired":true,"valueName":"search_term_string"}}],"inLanguage":"de"},{"@type":"Organization","@id":"https:\/\/toerder.eu\/#organization","name":"Timon Oerder","url":"https:\/\/toerder.eu\/","logo":{"@type":"ImageObject","inLanguage":"de","@id":"https:\/\/toerder.eu\/#\/schema\/logo\/image\/","url":"https:\/\/toerder.eu\/wp-content\/uploads\/2026\/01\/foto-bewerber.png","contentUrl":"https:\/\/toerder.eu\/wp-content\/uploads\/2026\/01\/foto-bewerber.png","width":935,"height":984,"caption":"Timon Oerder"},"image":{"@id":"https:\/\/toerder.eu\/#\/schema\/logo\/image\/"}}]}},"_links":{"self":[{"href":"https:\/\/toerder.eu\/index.php\/wp-json\/wp\/v2\/pages\/35","targetHints":{"allow":["GET"]}}],"collection":[{"href":"https:\/\/toerder.eu\/index.php\/wp-json\/wp\/v2\/pages"}],"about":[{"href":"https:\/\/toerder.eu\/index.php\/wp-json\/wp\/v2\/types\/page"}],"author":[{"embeddable":true,"href":"https:\/\/toerder.eu\/index.php\/wp-json\/wp\/v2\/users\/1"}],"replies":[{"embeddable":true,"href":"https:\/\/toerder.eu\/index.php\/wp-json\/wp\/v2\/comments?post=35"}],"version-history":[{"count":7,"href":"https:\/\/toerder.eu\/index.php\/wp-json\/wp\/v2\/pages\/35\/revisions"}],"predecessor-version":[{"id":175,"href":"https:\/\/toerder.eu\/index.php\/wp-json\/wp\/v2\/pages\/35\/revisions\/175"}],"wp:featuredmedia":[{"embeddable":true,"href":"https:\/\/toerder.eu\/index.php\/wp-json\/wp\/v2\/media\/72"}],"wp:attachment":[{"href":"https:\/\/toerder.eu\/index.php\/wp-json\/wp\/v2\/media?parent=35"}],"curies":[{"name":"wp","href":"https:\/\/api.w.org\/{rel}","templated":true}]}}